{"id":3393,"date":"2026-04-23T11:20:46","date_gmt":"2026-04-23T11:20:46","guid":{"rendered":"https:\/\/www.lakeside.brussels\/chantier\/"},"modified":"2026-04-29T11:24:35","modified_gmt":"2026-04-29T11:24:35","slug":"chantier","status":"publish","type":"page","link":"https:\/\/www.lakeside.brussels\/fr\/chantier\/","title":{"rendered":"Chantier"},"content":{"rendered":"<p>[et_pb_section fb_built=\u00a0\u00bb1&Prime; admin_label=\u00a0\u00bbintro\u00a0\u00bb module_class=\u00a0\u00bbs-overlay _arc-top\u00a0\u00bb _builder_version=\u00a0\u00bb4.20.2&Prime; _module_preset=\u00a0\u00bbdefault\u00a0\u00bb background_enable_image=\u00a0\u00bboff\u00a0\u00bb min_height=\u00a0\u00bb100vh\u00a0\u00bb custom_padding=\u00a0\u00bb0px|0px|0px|0px|false|false\u00a0\u00bb custom_css_main_element=\u00a0\u00bbdisplay: flex;||flex-direction: column;\u00a0\u00bb locked=\u00a0\u00bboff\u00a0\u00bb global_colors_info=\u00a0\u00bb{}\u00a0\u00bb][et_pb_row custom_padding_last_edited=\u00a0\u00bbon|phone\u00a0\u00bb disabled_on=\u00a0\u00bboff|off|off\u00a0\u00bb admin_label=\u00a0\u00bbRij\u00a0\u00bb module_class=\u00a0\u00bbuw-row\u00a0\u00bb _builder_version=\u00a0\u00bb4.20.2&Prime; _module_preset=\u00a0\u00bbdefault\u00a0\u00bb width=\u00a0\u00bb100%\u00a0\u00bb max_width=\u00a0\u00bb1200px\u00a0\u00bb custom_padding=\u00a0\u00bb|30px||30px|false|false\u00a0\u00bb custom_padding_tablet=\u00a0\u00bb|30px||30px|false|false\u00a0\u00bb custom_padding_phone=\u00a0\u00bb|20px||20px|false|false\u00a0\u00bb global_colors_info=\u00a0\u00bb{}\u00a0\u00bb][et_pb_column type=\u00a0\u00bb4_4&Prime; _builder_version=\u00a0\u00bb4.20.2&Prime; _module_preset=\u00a0\u00bbdefault\u00a0\u00bb global_colors_info=\u00a0\u00bb{}\u00a0\u00bb][et_pb_text _builder_version=\u00a0\u00bb4.20.2&Prime; _module_preset=\u00a0\u00bbdefault\u00a0\u00bb header_font=\u00a0\u00bbGeneralSans-Light|300||on|||||\u00a0\u00bb header_text_align=\u00a0\u00bbcenter\u00a0\u00bb header_text_color=\u00a0\u00bb#FFFBFA\u00a0\u00bb header_font_size=\u00a0\u00bb9rem\u00a0\u00bb custom_margin=\u00a0\u00bb||0.5rem||false|false\u00a0\u00bb custom_padding=\u00a0\u00bb||0px||false|false\u00a0\u00bb animation_direction=\u00a0\u00bbbottom\u00a0\u00bb header_font_size_tablet=\u00a0\u00bb6rem\u00a0\u00bb header_font_size_phone=\u00a0\u00bb3.5rem\u00a0\u00bb header_font_size_last_edited=\u00a0\u00bbon|tablet\u00a0\u00bb dsm_modules_custom_attribute_on_off=\u00a0\u00bbon\u00a0\u00bb dsm_custom_attributes_options=\u00a0\u00bb%91{%22value%22:%22fetchpriority%22,%22checked%22:1,%22dragID%22:-1,%22link_url%22:%22fetchpriority%22,%22link_text%22:%22high%22}%93&Prime; global_colors_info=\u00a0\u00bb{}\u00a0\u00bb]<\/p>\n<h1 fetchpriority=\"high\">Suivi de chantier<\/h1>\n<p>[\/et_pb_text][\/et_pb_column][\/et_pb_row][et_pb_row custom_padding_last_edited=\u00a0\u00bbon|phone\u00a0\u00bb module_class=\u00a0\u00bbuw-row\u00a0\u00bb _builder_version=\u00a0\u00bb4.20.2&Prime; _module_preset=\u00a0\u00bbdefault\u00a0\u00bb positioning=\u00a0\u00bbabsolute\u00a0\u00bb position_origin_a=\u00a0\u00bbbottom_center\u00a0\u00bb z_index=\u00a0\u00bb3&Prime; width=\u00a0\u00bb100%\u00a0\u00bb max_width=\u00a0\u00bb1200px\u00a0\u00bb custom_padding=\u00a0\u00bb0px|0px|0px|0px|false|false\u00a0\u00bb custom_padding_tablet=\u00a0\u00bb|30px||30px|false|false\u00a0\u00bb custom_padding_phone=\u00a0\u00bb0px|0px|0px|0px|false|false\u00a0\u00bb global_colors_info=\u00a0\u00bb{}\u00a0\u00bb][et_pb_column type=\u00a0\u00bb4_4&Prime; _builder_version=\u00a0\u00bb4.20.2&Prime; _module_preset=\u00a0\u00bbdefault\u00a0\u00bb global_colors_info=\u00a0\u00bb{}\u00a0\u00bb][et_pb_code admin_label=\u00a0\u00bbCode\u00a0\u00bb _builder_version=\u00a0\u00bb4.20.2&Prime; _module_preset=\u00a0\u00bbdefault\u00a0\u00bb global_colors_info=\u00a0\u00bb{}\u00a0\u00bb]<\/p>\n<div class=\"v-red-line\"><\/div>\n<p>[\/et_pb_code][\/et_pb_column][\/et_pb_row][et_pb_row admin_label=\u00a0\u00bbbackground\u00a0\u00bb module_class=\u00a0\u00bbjs-fade-in\u00a0\u00bb _builder_version=\u00a0\u00bb4.20.2&Prime; _module_preset=\u00a0\u00bbdefault\u00a0\u00bb background_enable_color=\u00a0\u00bboff\u00a0\u00bb background_image=\u00a0\u00bbhttps:\/\/www.lakeside.brussels\/wp-content\/uploads\/2026\/04\/22.jpg\u00a0\u00bb positioning=\u00a0\u00bbabsolute\u00a0\u00bb width=\u00a0\u00bb100%\u00a0\u00bb max_width=\u00a0\u00bb100%\u00a0\u00bb min_height=\u00a0\u00bb100%\u00a0\u00bb custom_padding=\u00a0\u00bb0px|0px|0px|0px|false|false\u00a0\u00bb global_colors_info=\u00a0\u00bb{}\u00a0\u00bb][et_pb_column type=\u00a0\u00bb4_4&Prime; admin_label=\u00a0\u00bbKolom\u00a0\u00bb _builder_version=\u00a0\u00bb4.20.2&Prime; _module_preset=\u00a0\u00bbdefault\u00a0\u00bb global_colors_info=\u00a0\u00bb{}\u00a0\u00bb][\/et_pb_column][\/et_pb_row][\/et_pb_section][et_pb_section fb_built=\u00a0\u00bb1&Prime; custom_padding_last_edited=\u00a0\u00bbon|phone\u00a0\u00bb _builder_version=\u00a0\u00bb4.20.2&Prime; _module_preset=\u00a0\u00bbdefault\u00a0\u00bb background_color=\u00a0\u00bb#AEC9E5&Prime; background_image=\u00a0\u00bb\/wp-content\/themes\/Divi\/images\/wave-bg2.svg\u00a0\u00bb background_size=\u00a0\u00bbcustom\u00a0\u00bb background_position=\u00a0\u00bbtop_center\u00a0\u00bb custom_padding=\u00a0\u00bb8rem||4rem||false|false\u00a0\u00bb custom_padding_tablet=\u00a0\u00bb7rem||3rem||false|false\u00a0\u00bb custom_padding_phone=\u00a0\u00bb4rem||2rem||false|false\u00a0\u00bb background_last_edited=\u00a0\u00bbon|phone\u00a0\u00bb background_size_phone=\u00a0\u00bbcover\u00a0\u00bb locked=\u00a0\u00bboff\u00a0\u00bb global_colors_info=\u00a0\u00bb{}\u00a0\u00bb][et_pb_row custom_padding_last_edited=\u00a0\u00bbon|phone\u00a0\u00bb module_class=\u00a0\u00bbuw-row\u00a0\u00bb _builder_version=\u00a0\u00bb4.20.2&Prime; _module_preset=\u00a0\u00bbdefault\u00a0\u00bb width=\u00a0\u00bb100%\u00a0\u00bb max_width=\u00a0\u00bb1200px\u00a0\u00bb custom_padding=\u00a0\u00bb|30px||30px|false|false\u00a0\u00bb custom_padding_tablet=\u00a0\u00bb|30px||30px|false|false\u00a0\u00bb custom_padding_phone=\u00a0\u00bb|20px|1rem|20px|false|false\u00a0\u00bb global_colors_info=\u00a0\u00bb{}\u00a0\u00bb][et_pb_column type=\u00a0\u00bb4_4&Prime; _builder_version=\u00a0\u00bb4.20.2&Prime; _module_preset=\u00a0\u00bbdefault\u00a0\u00bb global_colors_info=\u00a0\u00bb{}\u00a0\u00bb][et_pb_text module_class=\u00a0\u00bbrty-ty\u00a0\u00bb _builder_version=\u00a0\u00bb4.20.2&Prime; _module_preset=\u00a0\u00bbdefault\u00a0\u00bb text_font=\u00a0\u00bbGeneralSans-Regular||||||||\u00a0\u00bb text_text_color=\u00a0\u00bb#FFFBFA\u00a0\u00bb text_font_size=\u00a0\u00bb22px\u00a0\u00bb text_line_height=\u00a0\u00bb1.75em\u00a0\u00bb header_font=\u00a0\u00bbGeneralSans-Light|||on|||||\u00a0\u00bb header_text_align=\u00a0\u00bbcenter\u00a0\u00bb header_text_color=\u00a0\u00bb#FFFBFA\u00a0\u00bb header_font_size=\u00a0\u00bb10rem\u00a0\u00bb text_orientation=\u00a0\u00bbcenter\u00a0\u00bb custom_margin=\u00a0\u00bb||0px||false|false\u00a0\u00bb animation_direction=\u00a0\u00bbbottom\u00a0\u00bb hover_enabled=\u00a0\u00bb0&Prime; text_font_size_tablet=\u00a0\u00bb18px\u00a0\u00bb text_font_size_phone=\u00a0\u00bb16px\u00a0\u00bb text_font_size_last_edited=\u00a0\u00bbon|tablet\u00a0\u00bb global_colors_info=\u00a0\u00bb{}\u00a0\u00bb custom_padding=\u00a0\u00bb||60px||false|false\u00a0\u00bb sticky_enabled=\u00a0\u00bb0&Prime;]<\/p>\n<p>Bienvenue sur la page chantier. Sur cette page, vous trouverez toutes les informations r\u00e9centes sur les interventions sur le terrain, les nuisances attendues et les prochaines \u00e9tapes. Par ce biais, nous souhaitons informer au mieux toutes les parties prenantes des \u00e9tapes suivantes du projet et les pr\u00e9parer \u00e0 temps \u00e0 d\u2019\u00e9ventuelles nuisances sonores, d\u00e9viations ou autres impacts. <strong> <\/strong><\/p>\n<p>Vous avez des questions sur le projet d\u2019ici l\u00e0 ? Contactez-nous via <a href=\"mailto:info@lakeside.brussels\" style=\"color: #aec9e5;\">info@lakeside.brussels<\/a>. <\/p>\n<p>Vous souhaitez rester inform\u00e9(e) des actualit\u00e9s et des mises \u00e0 jour ? <strong><a href=\"#\" class=\"formpop\" style=\"color: #aec9e5;\">Abonnez-vous \u00e0 la newsletter Lake Side.<\/a><\/strong><\/p>\n<p>[\/et_pb_text][dipi_filterable_grid select_post_type=\u00a0\u00bbwerf\u00a0\u00bb select_custom_tax=\u00a0\u00bbwerf-category\u00a0\u00bb include_term_ids_of_werf-category=\u00a0\u00bb21&Prime; pagination_type=\u00a0\u00bbnumbered_pagination\u00a0\u00bb posts_per_page=\u00a0\u00bb12&Prime; prev_btn_text=\u00a0\u00bbPr\u00e9c\u00e9dent\u00a0\u00bb next_btn_text=\u00a0\u00bbSuivant\u00a0\u00bb ajax_loading=\u00a0\u00bbon\u00a0\u00bb show_filter_bar=\u00a0\u00bboff\u00a0\u00bb columns=\u00a0\u00bb2&Prime; gutter=\u00a0\u00bb30&Prime; grid_animation=\u00a0\u00bbzoomInShort\u00a0\u00bb fix_lazy=\u00a0\u00bbon\u00a0\u00bb image_animation=\u00a0\u00bbzoom-out\u00a0\u00bb show_post_title=\u00a0\u00bbon\u00a0\u00bb show_date=\u00a0\u00bbon\u00a0\u00bb read_more=\u00a0\u00bbon\u00a0\u00bb read_more_text=\u00a0\u00bbD\u00e9couvrir plus\u00a0\u00bb use_post_link=\u00a0\u00bbon\u00a0\u00bb post_link_target=\u00a0\u00bb_self\u00a0\u00bb use_overlay=\u00a0\u00bbon\u00a0\u00bb show_lightbox_link_icon=\u00a0\u00bboff\u00a0\u00bb show_overflow=\u00a0\u00bbon\u00a0\u00bb pagination_active_btn_bg_color=\u00a0\u00bb#FFFFFF\u00a0\u00bb filter_bar_margin=\u00a0\u00bb0px|0px|30px|0px|false|false\u00a0\u00bb filter_bar_item_padding=\u00a0\u00bb3px|5px|3px|5px|true|true\u00a0\u00bb filter_bar_item_padding_active=\u00a0\u00bb3px|5px|3px|5px|true|true\u00a0\u00bb columns_tablet=\u00a0\u00bb2&Prime; columns_phone=\u00a0\u00bb1&Prime; columns_last_edited=\u00a0\u00bbon|desktop\u00a0\u00bb pagination_btn_padding_tablet=\u00a0\u00bb\u00a0\u00bb pagination_btn_padding_phone=\u00a0\u00bb3px|10px|3px|10px|true|true\u00a0\u00bb pagination_btn_padding_last_edited=\u00a0\u00bbon|phone\u00a0\u00bb pagination_active_btn_padding_tablet=\u00a0\u00bb\u00a0\u00bb pagination_active_btn_padding_phone=\u00a0\u00bb3px|10px|3px|10px|true|true\u00a0\u00bb pagination_active_btn_padding_last_edited=\u00a0\u00bbon|phone\u00a0\u00bb filter_bar_margin_tablet=\u00a0\u00bb0px|0px|30px|0px|false|false\u00a0\u00bb filter_bar_margin_phone=\u00a0\u00bb10px||20px||false|false\u00a0\u00bb filter_bar_margin_last_edited=\u00a0\u00bbon|phone\u00a0\u00bb grid_item_meta_margin_tablet=\u00a0\u00bb\u00a0\u00bb grid_item_meta_margin_phone=\u00a0\u00bb0px|0px|5px|0px|false|true\u00a0\u00bb grid_item_meta_margin_last_edited=\u00a0\u00bbon|phone\u00a0\u00bb grid_item_title_margin_tablet=\u00a0\u00bb\u00a0\u00bb grid_item_title_margin_phone=\u00a0\u00bb10px|0px|10px|0px|false|true\u00a0\u00bb grid_item_title_margin_last_edited=\u00a0\u00bbon|phone\u00a0\u00bb _builder_version=\u00a0\u00bb4.20.2&Prime; _module_preset=\u00a0\u00bbdefault\u00a0\u00bb meta_font=\u00a0\u00bbGeneralSans-Regular|||on|||||\u00a0\u00bb meta_text_color=\u00a0\u00bb#FFFFFF\u00a0\u00bb meta_font_size=\u00a0\u00bb15px\u00a0\u00bb pagination_btn_normal_text_color=\u00a0\u00bb#FFFFFF\u00a0\u00bb pagination_btn_active_text_color=\u00a0\u00bb#2A3730&Prime; filter_bar_normal_text_color=\u00a0\u00bb#FFFFFF\u00a0\u00bb filter_bar_normal_font_size=\u00a0\u00bb16px\u00a0\u00bb grid_item_title_font=\u00a0\u00bbGeneralSans-Medium||||||||\u00a0\u00bb grid_item_title_text_color=\u00a0\u00bb#FFFFFF\u00a0\u00bb grid_item_title_font_size=\u00a0\u00bb20px\u00a0\u00bb grid_item_title_line_height=\u00a0\u00bb1.3em\u00a0\u00bb custom_read_more=\u00a0\u00bbon\u00a0\u00bb read_more_text_size=\u00a0\u00bb12px\u00a0\u00bb read_more_text_color=\u00a0\u00bb#FFFFFF\u00a0\u00bb read_more_border_width=\u00a0\u00bb1px\u00a0\u00bb read_more_border_color=\u00a0\u00bbrgba(255,251,250,0.4)\u00a0\u00bb read_more_border_radius=\u00a0\u00bb0px\u00a0\u00bb read_more_letter_spacing=\u00a0\u00bb1px\u00a0\u00bb read_more_font=\u00a0\u00bbGeneralSans-Regular|||on|||||\u00a0\u00bb read_more_use_icon=\u00a0\u00bboff\u00a0\u00bb read_more_custom_margin=\u00a0\u00bb||10px||false|false\u00a0\u00bb read_more_custom_margin_tablet=\u00a0\u00bb||10px||false|false\u00a0\u00bb read_more_custom_margin_phone=\u00a0\u00bb|0px|0px|0px|false|true\u00a0\u00bb read_more_custom_margin_last_edited=\u00a0\u00bbon|desktop\u00a0\u00bb read_more_custom_padding=\u00a0\u00bb0.5rem|0.9rem|0.5rem|0.9rem|true|true\u00a0\u00bb meta_font_size_tablet=\u00a0\u00bb15px\u00a0\u00bb meta_font_size_phone=\u00a0\u00bb13px\u00a0\u00bb meta_font_size_last_edited=\u00a0\u00bbon|phone\u00a0\u00bb pagination_btn_normal_font_size_tablet=\u00a0\u00bb\u00a0\u00bb pagination_btn_normal_font_size_phone=\u00a0\u00bb12px\u00a0\u00bb pagination_btn_normal_font_size_last_edited=\u00a0\u00bbon|phone\u00a0\u00bb filter_bar_normal_font_size_tablet=\u00a0\u00bb16px\u00a0\u00bb filter_bar_normal_font_size_phone=\u00a0\u00bb14px\u00a0\u00bb filter_bar_normal_font_size_last_edited=\u00a0\u00bbon|phone\u00a0\u00bb grid_item_title_font_size_tablet=\u00a0\u00bb20px\u00a0\u00bb grid_item_title_font_size_phone=\u00a0\u00bb18px\u00a0\u00bb grid_item_title_font_size_last_edited=\u00a0\u00bbon|phone\u00a0\u00bb read_more_text_size_tablet=\u00a0\u00bb12px\u00a0\u00bb read_more_text_size_phone=\u00a0\u00bb11px\u00a0\u00bb read_more_text_size_last_edited=\u00a0\u00bbon|phone\u00a0\u00bb border_width_bottom_filter_bar_item_active=\u00a0\u00bb1px\u00a0\u00bb global_colors_info=\u00a0\u00bb{}\u00a0\u00bb][\/dipi_filterable_grid][\/et_pb_column][\/et_pb_row][\/et_pb_section]<\/p>\n","protected":false},"excerpt":{"rendered":"<p>Vous avez des questions sur le projet d\u2019ici l\u00e0 ? Contactez-nous via info@lakeside.brussels.    <\/p>\n","protected":false},"author":5,"featured_media":0,"parent":0,"menu_order":0,"comment_status":"closed","ping_status":"closed","template":"","meta":{"_acf_changed":false,"_et_pb_use_builder":"on","_et_pb_old_content":"","_et_gb_content_width":"","inline_featured_image":false,"footnotes":"","_links_to":"","_links_to_target":""},"dipi_cpt_category":[],"class_list":["post-3393","page","type-page","status-publish","hentry"],"acf":[],"yoast_head":"<!-- This site is optimized with the Yoast SEO plugin v27.5 - https:\/\/yoast.com\/product\/yoast-seo-wordpress\/ -->\n<title>Chantier - Lakeside Brussels<\/title>\n<meta name=\"robots\" content=\"index, follow, max-snippet:-1, max-image-preview:large, max-video-preview:-1\" \/>\n<link rel=\"canonical\" href=\"https:\/\/www.lakeside.brussels\/fr\/chantier\/\" \/>\n<meta property=\"og:locale\" content=\"fr_FR\" \/>\n<meta property=\"og:type\" content=\"article\" \/>\n<meta property=\"og:title\" content=\"Chantier - Lakeside Brussels\" \/>\n<meta property=\"og:description\" content=\"Vous avez des questions sur le projet d\u2019ici l\u00e0 ? Contactez-nous via info@lakeside.brussels.\" \/>\n<meta property=\"og:url\" content=\"https:\/\/www.lakeside.brussels\/fr\/chantier\/\" \/>\n<meta property=\"og:site_name\" content=\"Lakeside Brussels\" \/>\n<meta property=\"article:modified_time\" content=\"2026-04-29T11:24:35+00:00\" \/>\n<meta name=\"twitter:card\" content=\"summary_large_image\" \/>\n<meta name=\"twitter:label1\" content=\"Dur\u00e9e de lecture estim\u00e9e\" \/>\n\t<meta name=\"twitter:data1\" content=\"6 minutes\" \/>\n<script type=\"application\/ld+json\" class=\"yoast-schema-graph\">{\"@context\":\"https:\\\/\\\/schema.org\",\"@graph\":[{\"@type\":\"WebPage\",\"@id\":\"https:\\\/\\\/www.lakeside.brussels\\\/fr\\\/chantier\\\/\",\"url\":\"https:\\\/\\\/www.lakeside.brussels\\\/fr\\\/chantier\\\/\",\"name\":\"Chantier - Lakeside Brussels\",\"isPartOf\":{\"@id\":\"https:\\\/\\\/www.lakeside.brussels\\\/fr\\\/#website\"},\"datePublished\":\"2026-04-23T11:20:46+00:00\",\"dateModified\":\"2026-04-29T11:24:35+00:00\",\"breadcrumb\":{\"@id\":\"https:\\\/\\\/www.lakeside.brussels\\\/fr\\\/chantier\\\/#breadcrumb\"},\"inLanguage\":\"fr-FR\",\"potentialAction\":[{\"@type\":\"ReadAction\",\"target\":[\"https:\\\/\\\/www.lakeside.brussels\\\/fr\\\/chantier\\\/\"]}]},{\"@type\":\"BreadcrumbList\",\"@id\":\"https:\\\/\\\/www.lakeside.brussels\\\/fr\\\/chantier\\\/#breadcrumb\",\"itemListElement\":[{\"@type\":\"ListItem\",\"position\":1,\"name\":\"Home\",\"item\":\"https:\\\/\\\/www.lakeside.brussels\\\/\"},{\"@type\":\"ListItem\",\"position\":2,\"name\":\"Chantier\"}]},{\"@type\":\"WebSite\",\"@id\":\"https:\\\/\\\/www.lakeside.brussels\\\/fr\\\/#website\",\"url\":\"https:\\\/\\\/www.lakeside.brussels\\\/fr\\\/\",\"name\":\"Lakeside Brussels\",\"description\":\"Informatieplatform van de toekomstbuurt op Tour&amp;Taxis\",\"publisher\":{\"@id\":\"https:\\\/\\\/www.lakeside.brussels\\\/fr\\\/#organization\"},\"potentialAction\":[{\"@type\":\"SearchAction\",\"target\":{\"@type\":\"EntryPoint\",\"urlTemplate\":\"https:\\\/\\\/www.lakeside.brussels\\\/fr\\\/?s={search_term_string}\"},\"query-input\":{\"@type\":\"PropertyValueSpecification\",\"valueRequired\":true,\"valueName\":\"search_term_string\"}}],\"inLanguage\":\"fr-FR\"},{\"@type\":\"Organization\",\"@id\":\"https:\\\/\\\/www.lakeside.brussels\\\/fr\\\/#organization\",\"name\":\"Lakeside Brussels\",\"url\":\"https:\\\/\\\/www.lakeside.brussels\\\/fr\\\/\",\"logo\":{\"@type\":\"ImageObject\",\"inLanguage\":\"fr-FR\",\"@id\":\"https:\\\/\\\/www.lakeside.brussels\\\/fr\\\/#\\\/schema\\\/logo\\\/image\\\/\",\"url\":\"https:\\\/\\\/www.lakeside.brussels\\\/wp-content\\\/uploads\\\/2023\\\/04\\\/Areal-view-scaled.jpg\",\"contentUrl\":\"https:\\\/\\\/www.lakeside.brussels\\\/wp-content\\\/uploads\\\/2023\\\/04\\\/Areal-view-scaled.jpg\",\"width\":2560,\"height\":1539,\"caption\":\"Lakeside Brussels\"},\"image\":{\"@id\":\"https:\\\/\\\/www.lakeside.brussels\\\/fr\\\/#\\\/schema\\\/logo\\\/image\\\/\"}}]}<\/script>\n<!-- \/ Yoast SEO plugin. -->","yoast_head_json":{"title":"Chantier - Lakeside Brussels","robots":{"index":"index","follow":"follow","max-snippet":"max-snippet:-1","max-image-preview":"max-image-preview:large","max-video-preview":"max-video-preview:-1"},"canonical":"https:\/\/www.lakeside.brussels\/fr\/chantier\/","og_locale":"fr_FR","og_type":"article","og_title":"Chantier - Lakeside Brussels","og_description":"Vous avez des questions sur le projet d\u2019ici l\u00e0 ? Contactez-nous via info@lakeside.brussels.","og_url":"https:\/\/www.lakeside.brussels\/fr\/chantier\/","og_site_name":"Lakeside Brussels","article_modified_time":"2026-04-29T11:24:35+00:00","twitter_card":"summary_large_image","twitter_misc":{"Dur\u00e9e de lecture estim\u00e9e":"6 minutes"},"schema":{"@context":"https:\/\/schema.org","@graph":[{"@type":"WebPage","@id":"https:\/\/www.lakeside.brussels\/fr\/chantier\/","url":"https:\/\/www.lakeside.brussels\/fr\/chantier\/","name":"Chantier - Lakeside Brussels","isPartOf":{"@id":"https:\/\/www.lakeside.brussels\/fr\/#website"},"datePublished":"2026-04-23T11:20:46+00:00","dateModified":"2026-04-29T11:24:35+00:00","breadcrumb":{"@id":"https:\/\/www.lakeside.brussels\/fr\/chantier\/#breadcrumb"},"inLanguage":"fr-FR","potentialAction":[{"@type":"ReadAction","target":["https:\/\/www.lakeside.brussels\/fr\/chantier\/"]}]},{"@type":"BreadcrumbList","@id":"https:\/\/www.lakeside.brussels\/fr\/chantier\/#breadcrumb","itemListElement":[{"@type":"ListItem","position":1,"name":"Home","item":"https:\/\/www.lakeside.brussels\/"},{"@type":"ListItem","position":2,"name":"Chantier"}]},{"@type":"WebSite","@id":"https:\/\/www.lakeside.brussels\/fr\/#website","url":"https:\/\/www.lakeside.brussels\/fr\/","name":"Lakeside Brussels","description":"Informatieplatform van de toekomstbuurt op Tour&amp;Taxis","publisher":{"@id":"https:\/\/www.lakeside.brussels\/fr\/#organization"},"potentialAction":[{"@type":"SearchAction","target":{"@type":"EntryPoint","urlTemplate":"https:\/\/www.lakeside.brussels\/fr\/?s={search_term_string}"},"query-input":{"@type":"PropertyValueSpecification","valueRequired":true,"valueName":"search_term_string"}}],"inLanguage":"fr-FR"},{"@type":"Organization","@id":"https:\/\/www.lakeside.brussels\/fr\/#organization","name":"Lakeside Brussels","url":"https:\/\/www.lakeside.brussels\/fr\/","logo":{"@type":"ImageObject","inLanguage":"fr-FR","@id":"https:\/\/www.lakeside.brussels\/fr\/#\/schema\/logo\/image\/","url":"https:\/\/www.lakeside.brussels\/wp-content\/uploads\/2023\/04\/Areal-view-scaled.jpg","contentUrl":"https:\/\/www.lakeside.brussels\/wp-content\/uploads\/2023\/04\/Areal-view-scaled.jpg","width":2560,"height":1539,"caption":"Lakeside Brussels"},"image":{"@id":"https:\/\/www.lakeside.brussels\/fr\/#\/schema\/logo\/image\/"}}]}},"_links":{"self":[{"href":"https:\/\/www.lakeside.brussels\/fr\/wp-json\/wp\/v2\/pages\/3393","targetHints":{"allow":["GET"]}}],"collection":[{"href":"https:\/\/www.lakeside.brussels\/fr\/wp-json\/wp\/v2\/pages"}],"about":[{"href":"https:\/\/www.lakeside.brussels\/fr\/wp-json\/wp\/v2\/types\/page"}],"author":[{"embeddable":true,"href":"https:\/\/www.lakeside.brussels\/fr\/wp-json\/wp\/v2\/users\/5"}],"replies":[{"embeddable":true,"href":"https:\/\/www.lakeside.brussels\/fr\/wp-json\/wp\/v2\/comments?post=3393"}],"version-history":[{"count":5,"href":"https:\/\/www.lakeside.brussels\/fr\/wp-json\/wp\/v2\/pages\/3393\/revisions"}],"predecessor-version":[{"id":3398,"href":"https:\/\/www.lakeside.brussels\/fr\/wp-json\/wp\/v2\/pages\/3393\/revisions\/3398"}],"wp:attachment":[{"href":"https:\/\/www.lakeside.brussels\/fr\/wp-json\/wp\/v2\/media?parent=3393"}],"wp:term":[{"taxonomy":"dipi_cpt_category","embeddable":true,"href":"https:\/\/www.lakeside.brussels\/fr\/wp-json\/wp\/v2\/dipi_cpt_category?post=3393"}],"curies":[{"name":"wp","href":"https:\/\/api.w.org\/{rel}","templated":true}]}}